{"id":332,"date":"2025-04-08T15:19:00","date_gmt":"2025-04-08T15:19:00","guid":{"rendered":"https:\/\/formacion.adriarivero.com\/?page_id=332"},"modified":"2025-04-24T10:14:04","modified_gmt":"2025-04-24T10:14:04","slug":"mi-cuenta","status":"publish","type":"page","link":"https:\/\/formacion.adriarivero.com\/?page_id=332","title":{"rendered":"Mi cuenta"},"content":{"rendered":"\t\t<div data-elementor-type=\"wp-page\" data-elementor-id=\"332\" class=\"elementor elementor-332\" data-elementor-post-type=\"page\">\n\t\t\t\t<div class=\"elementor-element elementor-element-57fdf99 e-flex e-con-boxed e-con e-parent\" data-id=\"57fdf99\" data-element_type=\"container\">\n\t\t\t\t\t<div class=\"e-con-inner\">\n\t\t<div class=\"elementor-element elementor-element-fbba1c1 e-con-full e-flex e-con e-child\" data-id=\"fbba1c1\" data-element_type=\"container\">\n\t\t\t\t<div class=\"elementor-element elementor-element-3fa7e32 elementor-widget elementor-widget-heading\" data-id=\"3fa7e32\" data-element_type=\"widget\" data-widget_type=\"heading.default\">\n\t\t\t\t<div class=\"elementor-widget-container\">\n\t\t\t\t\t<h1 class=\"elementor-heading-title elementor-size-default\">Mi Cuenta<\/h1>\t\t\t\t<\/div>\n\t\t\t\t<\/div>\n\t\t\t\t<\/div>\n\t\t<div class=\"elementor-element elementor-element-fce6d63 e-flex e-con-boxed e-con e-child\" data-id=\"fce6d63\" data-element_type=\"container\">\n\t\t\t\t\t<div class=\"e-con-inner\">\n\t\t\t\t<div class=\"elementor-element elementor-element-8c7331d e-my-account-tabs-vertical elementor-widget elementor-widget-woocommerce-my-account\" data-id=\"8c7331d\" data-element_type=\"widget\" data-widget_type=\"woocommerce-my-account.default\">\n\t\t\t\t<div class=\"elementor-widget-container\">\n\t\t\t\t\t<div class=\"e-my-account-tab e-my-account-tab__ \">\t\t\t<div class=\"woocommerce\"><div class=\"woocommerce-notices-wrapper\"><\/div>\n\n<div class=\"u-columns col2-set\" id=\"customer_login\">\n\n\t<div class=\"u-column1 col-1\">\n\n\n\t\t<h2>Acceder<\/h2>\n\n\t\t<form class=\"woocommerce-form woocommerce-form-login login\" method=\"post\" novalidate>\n\n\t\t\t\n\t\t\t<p class=\"woocommerce-form-row woocommerce-form-row--wide form-row form-row-wide\">\n\t\t\t\t<label for=\"username\">Nombre de usuario o correo electr\u00f3nico&nbsp;<span class=\"required\" aria-hidden=\"true\">*<\/span><span class=\"screen-reader-text\">Obligatorio<\/span><\/label>\n\t\t\t\t<input type=\"text\" class=\"woocommerce-Input woocommerce-Input--text input-text\" name=\"username\" id=\"username\" autocomplete=\"username\" value=\"\" required aria-required=\"true\" \/>\t\t\t<\/p>\n\t\t\t<p class=\"woocommerce-form-row woocommerce-form-row--wide form-row form-row-wide\">\n\t\t\t\t<label for=\"password\">Contrase\u00f1a&nbsp;<span class=\"required\" aria-hidden=\"true\">*<\/span><span class=\"screen-reader-text\">Obligatorio<\/span><\/label>\n\t\t\t\t<input class=\"woocommerce-Input woocommerce-Input--text input-text\" type=\"password\" name=\"password\" id=\"password\" autocomplete=\"current-password\" required aria-required=\"true\" \/>\n\t\t\t<\/p>\n\n\t\t\t<input type=\"hidden\" name=\"g-recaptcha-response\" class=\"agr-recaptcha-response\" value=\"\" \/><script>\r\n                function wpcaptcha_captcha(){\r\n                    grecaptcha.execute(\"6LchfRkrAAAAAKo57XH-o0BmvWlu5h_cH2kFpfu9\", {action: \"submit\"}).then(function(token) {\r\n                        var captchas = document.querySelectorAll(\".agr-recaptcha-response\");\r\n                        captchas.forEach(function(captcha) {\r\n                            captcha.value = token;\r\n                        });\r\n                    });\r\n                }\r\n                <\/script><script>\r\n                    jQuery(\"form.woocommerce-checkout\").on(\"submit\", function(){\r\n                        setTimeout(function(){\r\n                            wpcaptcha_captcha();\r\n                        },100);\r\n                    });\r\n                <\/script><script src='https:\/\/www.google.com\/recaptcha\/api.js?onload=wpcaptcha_captcha&render=6LchfRkrAAAAAKo57XH-o0BmvWlu5h_cH2kFpfu9&ver=1.30' id='wpcaptcha-recaptcha-js'><\/script>\n\t\t\t<p class=\"form-row\">\n\t\t\t\t<label class=\"woocommerce-form__label woocommerce-form__label-for-checkbox woocommerce-form-login__rememberme\">\n\t\t\t\t\t<input class=\"woocommerce-form__input woocommerce-form__input-checkbox\" name=\"rememberme\" type=\"checkbox\" id=\"rememberme\" value=\"forever\" \/> <span>Recu\u00e9rdame<\/span>\n\t\t\t\t<\/label>\n\t\t\t\t<input type=\"hidden\" id=\"woocommerce-login-nonce\" name=\"woocommerce-login-nonce\" value=\"de66b0a308\" \/><input type=\"hidden\" name=\"_wp_http_referer\" value=\"\/index.php?rest_route=%2Fwp%2Fv2%2Fpages%2F332\" \/>\t\t\t\t<button type=\"submit\" class=\"woocommerce-button button woocommerce-form-login__submit\" name=\"login\" value=\"Acceso\">Acceso<\/button>\n\t\t\t<\/p>\n\t\t\t<p class=\"woocommerce-LostPassword lost_password\">\n\t\t\t\t<a href=\"https:\/\/formacion.adriarivero.com\/?page_id=332&#038;lost-password\">\u00bfOlvidaste la contrase\u00f1a?<\/a>\n\t\t\t<\/p>\n\n\t\t\t\n\t\t<\/form>\n\n\n\t<\/div>\n\n\t<div class=\"u-column2 col-2\">\n\n\t\t<h2>Registrarse<\/h2>\n\n\t\t<form method=\"post\" class=\"woocommerce-form woocommerce-form-register register\"  >\n\n\t\t\t\n\t\t\t\n\t\t\t<p class=\"woocommerce-form-row woocommerce-form-row--wide form-row form-row-wide\">\n\t\t\t\t<label for=\"reg_email\">Direcci\u00f3n de correo electr\u00f3nico&nbsp;<span class=\"required\" aria-hidden=\"true\">*<\/span><span class=\"screen-reader-text\">Obligatorio<\/span><\/label>\n\t\t\t\t<input type=\"email\" class=\"woocommerce-Input woocommerce-Input--text input-text\" name=\"email\" id=\"reg_email\" autocomplete=\"email\" value=\"\" required aria-required=\"true\" \/>\t\t\t<\/p>\n\n\t\t\t\n\t\t\t\t<p class=\"woocommerce-form-row woocommerce-form-row--wide form-row form-row-wide\">\n\t\t\t\t\t<label for=\"reg_password\">Contrase\u00f1a&nbsp;<span class=\"required\" aria-hidden=\"true\">*<\/span><span class=\"screen-reader-text\">Obligatorio<\/span><\/label>\n\t\t\t\t\t<input type=\"password\" class=\"woocommerce-Input woocommerce-Input--text input-text\" name=\"password\" id=\"reg_password\" autocomplete=\"new-password\" required aria-required=\"true\" \/>\n\t\t\t\t<\/p>\n\n\t\t\t\n\t\t\t<input type=\"hidden\" name=\"g-recaptcha-response\" class=\"agr-recaptcha-response\" value=\"\" \/><script>\r\n                function wpcaptcha_captcha(){\r\n                    grecaptcha.execute(\"6LchfRkrAAAAAKo57XH-o0BmvWlu5h_cH2kFpfu9\", {action: \"submit\"}).then(function(token) {\r\n                        var captchas = document.querySelectorAll(\".agr-recaptcha-response\");\r\n                        captchas.forEach(function(captcha) {\r\n                            captcha.value = token;\r\n                        });\r\n                    });\r\n                }\r\n                <\/script><script>\r\n                    jQuery(\"form.woocommerce-checkout\").on(\"submit\", function(){\r\n                        setTimeout(function(){\r\n                            wpcaptcha_captcha();\r\n                        },100);\r\n                    });\r\n                <\/script><script src='https:\/\/www.google.com\/recaptcha\/api.js?onload=wpcaptcha_captcha&render=6LchfRkrAAAAAKo57XH-o0BmvWlu5h_cH2kFpfu9&ver=1.30' id='wpcaptcha-recaptcha-js'><\/script><wc-order-attribution-inputs><\/wc-order-attribution-inputs><div class=\"woocommerce-privacy-policy-text\"><p>Tus datos personales se utilizar\u00e1n para procesar tu pedido, mejorar tu experiencia en esta web, gestionar el acceso a tu cuenta y otros prop\u00f3sitos descritos en nuestra <a href=\"\" class=\"woocommerce-privacy-policy-link\" target=\"_blank\">pol\u00edtica de privacidad<\/a>.<\/p>\n<\/div>\n\t\t\t<p class=\"woocommerce-form-row form-row\">\n\t\t\t\t<input type=\"hidden\" id=\"woocommerce-register-nonce\" name=\"woocommerce-register-nonce\" value=\"e09fddc710\" \/><input type=\"hidden\" name=\"_wp_http_referer\" value=\"\/index.php?rest_route=%2Fwp%2Fv2%2Fpages%2F332\" \/>\t\t\t\t<button type=\"submit\" class=\"woocommerce-Button woocommerce-button button woocommerce-form-register__submit\" name=\"register\" value=\"Registrarse\">Registrarse<\/button>\n\t\t\t<\/p>\n\n\t\t\t\n\t\t<\/form>\n\n\t<\/div>\n\n<\/div>\n\n<\/div>\t\t<\/div>\n\t\t\t\t\t\t<\/div>\n\t\t\t\t<\/div>\n\t\t\t\t\t<\/div>\n\t\t\t\t<\/div>\n\t\t\t\t\t<\/div>\n\t\t\t\t<\/div>\n\t\t\t\t<\/div>\n\t\t","protected":false},"excerpt":{"rendered":"<p>Mi Cuenta Ingresar al Curso Escritorio Pedidos Cerrar sesi\u00f3n Affiliate Hola expiey (\u00bfno eres expiey? Cerrar sesi\u00f3n) Desde el escritorio de tu cuenta puedes ver tus pedidos recientes, gestionar tus direcciones de env\u00edo y facturaci\u00f3n y editar tu contrase\u00f1a y los detalles de tu cuenta.<\/p>\n","protected":false},"author":1,"featured_media":0,"parent":0,"menu_order":0,"comment_status":"closed","ping_status":"closed","template":"elementor_header_footer","meta":{"footnotes":""},"class_list":["post-332","page","type-page","status-publish","hentry"],"yoast_head":"<!-- This site is optimized with the Yoast SEO plugin v24.9 - https:\/\/yoast.com\/wordpress\/plugins\/seo\/ -->\n<title>Mi cuenta - Formaci\u00f3n Adria Rivero<\/title>\n<meta name=\"robots\" content=\"index, follow, max-snippet:-1, max-image-preview:large, max-video-preview:-1\" \/>\n<link rel=\"canonical\" href=\"https:\/\/formacion.adriarivero.com\/?page_id=332\" \/>\n<meta property=\"og:locale\" content=\"es_ES\" \/>\n<meta property=\"og:type\" content=\"article\" \/>\n<meta property=\"og:title\" content=\"Mi cuenta - Formaci\u00f3n Adria Rivero\" \/>\n<meta property=\"og:description\" content=\"Mi Cuenta Ingresar al Curso Escritorio Pedidos Cerrar sesi\u00f3n Affiliate Hola expiey (\u00bfno eres expiey? Cerrar sesi\u00f3n) Desde el escritorio de tu cuenta puedes ver tus pedidos recientes, gestionar tus direcciones de env\u00edo y facturaci\u00f3n y editar tu contrase\u00f1a y los detalles de tu cuenta.\" \/>\n<meta property=\"og:url\" content=\"https:\/\/formacion.adriarivero.com\/?page_id=332\" \/>\n<meta property=\"og:site_name\" content=\"Formaci\u00f3n Adria Rivero\" \/>\n<meta property=\"article:modified_time\" content=\"2025-04-24T10:14:04+00:00\" \/>\n<meta name=\"twitter:card\" content=\"summary_large_image\" \/>\n<meta name=\"twitter:site\" content=\"@adriarivero_\" \/>\n<meta name=\"twitter:label1\" content=\"Tiempo de lectura\" \/>\n\t<meta name=\"twitter:data1\" content=\"2 minutos\" \/>\n<script type=\"application\/ld+json\" class=\"yoast-schema-graph\">{\"@context\":\"https:\/\/schema.org\",\"@graph\":[{\"@type\":\"WebPage\",\"@id\":\"https:\/\/formacion.adriarivero.com\/?page_id=332\",\"url\":\"https:\/\/formacion.adriarivero.com\/?page_id=332\",\"name\":\"Mi cuenta - Formaci\u00f3n Adria Rivero\",\"isPartOf\":{\"@id\":\"https:\/\/formacion.adriarivero.com\/#website\"},\"datePublished\":\"2025-04-08T15:19:00+00:00\",\"dateModified\":\"2025-04-24T10:14:04+00:00\",\"breadcrumb\":{\"@id\":\"https:\/\/formacion.adriarivero.com\/?page_id=332#breadcrumb\"},\"inLanguage\":\"es\",\"potentialAction\":[{\"@type\":\"ReadAction\",\"target\":[\"https:\/\/formacion.adriarivero.com\/?page_id=332\"]}]},{\"@type\":\"BreadcrumbList\",\"@id\":\"https:\/\/formacion.adriarivero.com\/?page_id=332#breadcrumb\",\"itemListElement\":[{\"@type\":\"ListItem\",\"position\":1,\"name\":\"Portada\",\"item\":\"https:\/\/formacion.adriarivero.com\/\"},{\"@type\":\"ListItem\",\"position\":2,\"name\":\"Mi cuenta\"}]},{\"@type\":\"WebSite\",\"@id\":\"https:\/\/formacion.adriarivero.com\/#website\",\"url\":\"https:\/\/formacion.adriarivero.com\/\",\"name\":\"Formaci\u00f3n Adria Rivero\",\"description\":\"\",\"publisher\":{\"@id\":\"https:\/\/formacion.adriarivero.com\/#organization\"},\"potentialAction\":[{\"@type\":\"SearchAction\",\"target\":{\"@type\":\"EntryPoint\",\"urlTemplate\":\"https:\/\/formacion.adriarivero.com\/?s={search_term_string}\"},\"query-input\":{\"@type\":\"PropertyValueSpecification\",\"valueRequired\":true,\"valueName\":\"search_term_string\"}}],\"inLanguage\":\"es\"},{\"@type\":\"Organization\",\"@id\":\"https:\/\/formacion.adriarivero.com\/#organization\",\"name\":\"Formaci\u00f3n Adria Rivero\",\"url\":\"https:\/\/formacion.adriarivero.com\/\",\"logo\":{\"@type\":\"ImageObject\",\"inLanguage\":\"es\",\"@id\":\"https:\/\/formacion.adriarivero.com\/#\/schema\/logo\/image\/\",\"url\":\"https:\/\/formacion.adriarivero.com\/wp-content\/uploads\/2025\/02\/logo-adriarivero.svg\",\"contentUrl\":\"https:\/\/formacion.adriarivero.com\/wp-content\/uploads\/2025\/02\/logo-adriarivero.svg\",\"width\":318,\"height\":43,\"caption\":\"Formaci\u00f3n Adria Rivero\"},\"image\":{\"@id\":\"https:\/\/formacion.adriarivero.com\/#\/schema\/logo\/image\/\"},\"sameAs\":[\"https:\/\/x.com\/adriarivero_\",\"https:\/\/www.youtube.com\/c\/adriariveroinversionenbolsa\"]}]}<\/script>\n<!-- \/ Yoast SEO plugin. -->","yoast_head_json":{"title":"Mi cuenta - Formaci\u00f3n Adria Rivero","robots":{"index":"index","follow":"follow","max-snippet":"max-snippet:-1","max-image-preview":"max-image-preview:large","max-video-preview":"max-video-preview:-1"},"canonical":"https:\/\/formacion.adriarivero.com\/?page_id=332","og_locale":"es_ES","og_type":"article","og_title":"Mi cuenta - Formaci\u00f3n Adria Rivero","og_description":"Mi Cuenta Ingresar al Curso Escritorio Pedidos Cerrar sesi\u00f3n Affiliate Hola expiey (\u00bfno eres expiey? Cerrar sesi\u00f3n) Desde el escritorio de tu cuenta puedes ver tus pedidos recientes, gestionar tus direcciones de env\u00edo y facturaci\u00f3n y editar tu contrase\u00f1a y los detalles de tu cuenta.","og_url":"https:\/\/formacion.adriarivero.com\/?page_id=332","og_site_name":"Formaci\u00f3n Adria Rivero","article_modified_time":"2025-04-24T10:14:04+00:00","twitter_card":"summary_large_image","twitter_site":"@adriarivero_","twitter_misc":{"Tiempo de lectura":"2 minutos"},"schema":{"@context":"https:\/\/schema.org","@graph":[{"@type":"WebPage","@id":"https:\/\/formacion.adriarivero.com\/?page_id=332","url":"https:\/\/formacion.adriarivero.com\/?page_id=332","name":"Mi cuenta - Formaci\u00f3n Adria Rivero","isPartOf":{"@id":"https:\/\/formacion.adriarivero.com\/#website"},"datePublished":"2025-04-08T15:19:00+00:00","dateModified":"2025-04-24T10:14:04+00:00","breadcrumb":{"@id":"https:\/\/formacion.adriarivero.com\/?page_id=332#breadcrumb"},"inLanguage":"es","potentialAction":[{"@type":"ReadAction","target":["https:\/\/formacion.adriarivero.com\/?page_id=332"]}]},{"@type":"BreadcrumbList","@id":"https:\/\/formacion.adriarivero.com\/?page_id=332#breadcrumb","itemListElement":[{"@type":"ListItem","position":1,"name":"Portada","item":"https:\/\/formacion.adriarivero.com\/"},{"@type":"ListItem","position":2,"name":"Mi cuenta"}]},{"@type":"WebSite","@id":"https:\/\/formacion.adriarivero.com\/#website","url":"https:\/\/formacion.adriarivero.com\/","name":"Formaci\u00f3n Adria Rivero","description":"","publisher":{"@id":"https:\/\/formacion.adriarivero.com\/#organization"},"potentialAction":[{"@type":"SearchAction","target":{"@type":"EntryPoint","urlTemplate":"https:\/\/formacion.adriarivero.com\/?s={search_term_string}"},"query-input":{"@type":"PropertyValueSpecification","valueRequired":true,"valueName":"search_term_string"}}],"inLanguage":"es"},{"@type":"Organization","@id":"https:\/\/formacion.adriarivero.com\/#organization","name":"Formaci\u00f3n Adria Rivero","url":"https:\/\/formacion.adriarivero.com\/","logo":{"@type":"ImageObject","inLanguage":"es","@id":"https:\/\/formacion.adriarivero.com\/#\/schema\/logo\/image\/","url":"https:\/\/formacion.adriarivero.com\/wp-content\/uploads\/2025\/02\/logo-adriarivero.svg","contentUrl":"https:\/\/formacion.adriarivero.com\/wp-content\/uploads\/2025\/02\/logo-adriarivero.svg","width":318,"height":43,"caption":"Formaci\u00f3n Adria Rivero"},"image":{"@id":"https:\/\/formacion.adriarivero.com\/#\/schema\/logo\/image\/"},"sameAs":["https:\/\/x.com\/adriarivero_","https:\/\/www.youtube.com\/c\/adriariveroinversionenbolsa"]}]}},"_links":{"self":[{"href":"https:\/\/formacion.adriarivero.com\/index.php?rest_route=\/wp\/v2\/pages\/332","targetHints":{"allow":["GET"]}}],"collection":[{"href":"https:\/\/formacion.adriarivero.com\/index.php?rest_route=\/wp\/v2\/pages"}],"about":[{"href":"https:\/\/formacion.adriarivero.com\/index.php?rest_route=\/wp\/v2\/types\/page"}],"author":[{"embeddable":true,"href":"https:\/\/formacion.adriarivero.com\/index.php?rest_route=\/wp\/v2\/users\/1"}],"replies":[{"embeddable":true,"href":"https:\/\/formacion.adriarivero.com\/index.php?rest_route=%2Fwp%2Fv2%2Fcomments&post=332"}],"version-history":[{"count":22,"href":"https:\/\/formacion.adriarivero.com\/index.php?rest_route=\/wp\/v2\/pages\/332\/revisions"}],"predecessor-version":[{"id":970,"href":"https:\/\/formacion.adriarivero.com\/index.php?rest_route=\/wp\/v2\/pages\/332\/revisions\/970"}],"wp:attachment":[{"href":"https:\/\/formacion.adriarivero.com\/index.php?rest_route=%2Fwp%2Fv2%2Fmedia&parent=332"}],"curies":[{"name":"wp","href":"https:\/\/api.w.org\/{rel}","templated":true}]}}